{"id":2,"date":"2016-05-10T03:48:21","date_gmt":"2016-05-10T03:48:21","guid":{"rendered":"http:\/\/hfgp.de\/?page_id=2"},"modified":"2020-02-12T15:50:00","modified_gmt":"2020-02-12T15:50:00","slug":"sample-page","status":"publish","type":"page","link":"http:\/\/hfgp.de\/","title":{"rendered":"Faszination H\u00f6hle"},"content":{"rendered":"<p>Kaum zu glauben, aber selbst im 21. Jahrhundert findet man direkt vor unserer schw\u00e4bischen Haust\u00fcre noch unentdeckte und faszinierende Welten. Tropfsteine in allen Farben und Formen, bizarre Gesteinsformationen und weitere Natursch\u00f6nheiten sind f\u00fcr uns der Antrieb immer wieder auf unterirdische Entdeckungsreise zu gehen.\u00a0<\/p>\n\n\n<h2 class=\"wp-block-heading\">Unser Verein<\/h2>\n\n\n\n<p>Im Jahr 1988 bildete sich aus Lichtensteiner und Pfullinger H\u00f6hlenforschern eine Interessengemeinschaft. Bereits ein Jahr sp\u00e4ter erfolgte die Eintragung ins Vereinsregister als &#8222;H\u00f6hlenforschungsgruppe Pfullingen e.V.&#8220;. Im Jahre 2009 wurde schlie\u00dflich unsere Jugendgruppe gegr\u00fcndet.<\/p>\n\n\n\n<h2 class=\"wp-block-heading\">T\u00e4tigkeitsschwerpunkte \/ Vereinsziele<\/h2>\n\n\n\n<p>Unser Hauptinteresse sind die H\u00f6hlen und Karsterscheinungen der Schw\u00e4bischen Alb.<br>Die Vereinsziele sind:<\/p>\n\n\n\n<ul><li>planm\u00e4\u00dfige Suche nach unterirdischen Hohlr\u00e4umen<\/li><li>Erforschung der geologischen, hydrologischen und biologischen Beschaffenheit<\/li><li>Dokumentation der Forschung durch Anfertigen von H\u00f6hlenpl\u00e4nen und Berichten<\/li><li>Zusammenarbeit mit den zust\u00e4ndigen Beh\u00f6rden<\/li><li>\u00d6ffentlichkeitsarbeit \u00fcber Fachpublikationen und Vortr\u00e4ge<\/li><li>Unterst\u00fctzung von Rettungsorganisationen<\/li><li>Jugendarbeit.<\/li><\/ul>\n\n\n\n<div class=\"wp-block-image\"><figure class=\"aligncenter size-large is-resized\"><img decoding=\"async\" loading=\"lazy\" src=\"http:\/\/hfgp.de\/wp-content\/uploads\/2020\/02\/IMG-20161023-WA0005-579x1024.jpg\" alt=\"\" class=\"wp-image-30\" width=\"260\" height=\"459\" srcset=\"http:\/\/hfgp.de\/wp-content\/uploads\/2020\/02\/IMG-20161023-WA0005-579x1024.jpg 579w, http:\/\/hfgp.de\/wp-content\/uploads\/2020\/02\/IMG-20161023-WA0005-170x300.jpg 170w, http:\/\/hfgp.de\/wp-content\/uploads\/2020\/02\/IMG-20161023-WA0005.jpg 760w\" sizes=\"(max-width: 260px) 100vw, 260px\" \/><figcaption>Eingang zu neuen Welten<\/figcaption><\/figure><\/div>\n\n\n\n<h2 class=\"wp-block-heading\">Forschung<\/h2>\n\n\n\n<p>Das erste Augenmerk gilt dem Erstellen eines exakten H\u00f6hlenplans. Dieser bildet die unabdingbare Basis f\u00fcr alle weiteren Forschungst\u00e4tigkeiten.<br>Je nach Gr\u00f6\u00dfe und Beschaffenheit der H\u00f6hle schlie\u00dfen sich dann Fragen zum H\u00f6hlenklima und den hydrologischen Begebenheiten an. Hierzu greifen wir u.a. auf Datenlogger zur\u00fcck, welche Wasserstand, Temperatur, Kohlendioxidgehalt der Luft und Luftdruck \u00fcber l\u00e4ngere Zeitr\u00e4ume automatisiert aufzeichnen.<br>Das Zusammenstellen dieser Forschungsergebnisse in Form einer Fachpublikation bildet den Abschluss dieser Arbeit.<\/p>\n\n\n\n<figure class=\"wp-block-image size-large\"><img decoding=\"async\" loading=\"lazy\" width=\"640\" height=\"480\" src=\"http:\/\/hfgp.de\/wp-content\/uploads\/2020\/02\/k-Homepage_01.jpg\" alt=\"\" class=\"wp-image-18\" srcset=\"http:\/\/hfgp.de\/wp-content\/uploads\/2020\/02\/k-Homepage_01.jpg 640w, http:\/\/hfgp.de\/wp-content\/uploads\/2020\/02\/k-Homepage_01-300x225.jpg 300w\" sizes=\"(max-width: 640px) 100vw, 640px\" \/><figcaption>Datenlogger im Einsatz<\/figcaption><\/figure>\n\n\n\n<h2 class=\"wp-block-heading\">Ausbildung und Risiken <\/h2>\n\n\n\n<p>Die Befahrung einer H\u00f6hle birgt auch einige Risiken, z.B. durch Unterk\u00fchlung, Absturzgefahr und Hochwasser. <br>Eine umfassende Ausbildung hat daher in unserem Verein einen hohen Stellenwert. In unserer Jugendgruppe erhalten bereits die kleinen H\u00f6hlenforscher eine solide Grundausbildung, um alle m\u00f6glichen Gefahrensituationen bei der Befahrung einer H\u00f6hle zu meistern.<\/p>\n\n\n\n<h2 class=\"wp-block-heading\">H\u00f6hlenschutz<\/h2>\n\n\n\n<p>H\u00f6hlen sind Zeugen der Vergangenheit.<br>Dank des gleichbleibenden Klimas und gesch\u00fctzt durch Sedimente, bleiben viele pr\u00e4historische Relikte erhalten. So sollte jeder Schritt in einer H\u00f6hle bedacht sein, um nicht in Sekunden das zu zerst\u00f6ren, wof\u00fcr die Natur tausende oder gar millionen von Jahren gebraucht hat.<br>H\u00f6hlen sind aber auch einzigartige Biotope, die es zu erhalten gilt. Jeder Besuch ist eine Eingriff in das \u00d6kosystem. Insbesondere die vom Aussterben bedrohten heimischen Fledermausarten bed\u00fcrfen strengsten Schutzes.<br><br>Das einhalten der Fledermausschutzzeit vom 01. Oktober bis 31. M\u00e4rz ist f\u00fcr uns daher selbstverst\u00e4ndlich.<br> Jeder Besucher sollte sich an das H\u00f6hlenschutzmotto halten:<\/p>\n\n\n\n<ul><li>Nimm nichts mit!<\/li><li>Lass nichts zur\u00fcck!<\/li><li>zerst\u00f6re nichts und schlage nichts tot!<\/li><\/ul>\n\n\n\n<h2 class=\"wp-block-heading\">Kontakt<\/h2>\n\n\n\n<p>In Kontakt k\u00f6nnt ihr mit uns am besten per Email treten unter info[at]hfgp.de.<br><\/p>\n","protected":false},"excerpt":{"rendered":"<p>Kaum zu glauben, aber selbst im 21. Jahrhundert findet man direkt vor unserer schw\u00e4bischen Haust\u00fcre noch unentdeckte und faszinierende Welten. Tropfsteine in allen Farben und Formen, bizarre Gesteinsformationen und weitere Natursch\u00f6nheiten sind f\u00fcr uns der Antrieb immer wieder auf unterirdische Entdeckungsreise zu gehen.\u00a0 Unser Verein Im Jahr 1988 bildete sich aus Lichtensteiner und Pfullinger H\u00f6hlenforschern eine Interessengemeinschaft. Bereits ein Jahr<\/p>\n","protected":false},"author":1,"featured_media":14,"parent":0,"menu_order":0,"comment_status":"closed","ping_status":"open","template":"","meta":[],"_links":{"self":[{"href":"http:\/\/hfgp.de\/index.php?rest_route=\/wp\/v2\/pages\/2"}],"collection":[{"href":"http:\/\/hfgp.de\/index.php?rest_route=\/wp\/v2\/pages"}],"about":[{"href":"http:\/\/hfgp.de\/index.php?rest_route=\/wp\/v2\/types\/page"}],"author":[{"embeddable":true,"href":"http:\/\/hfgp.de\/index.php?rest_route=\/wp\/v2\/users\/1"}],"replies":[{"embeddable":true,"href":"http:\/\/hfgp.de\/index.php?rest_route=%2Fwp%2Fv2%2Fcomments&post=2"}],"version-history":[{"count":5,"href":"http:\/\/hfgp.de\/index.php?rest_route=\/wp\/v2\/pages\/2\/revisions"}],"predecessor-version":[{"id":54,"href":"http:\/\/hfgp.de\/index.php?rest_route=\/wp\/v2\/pages\/2\/revisions\/54"}],"wp:featuredmedia":[{"embeddable":true,"href":"http:\/\/hfgp.de\/index.php?rest_route=\/wp\/v2\/media\/14"}],"wp:attachment":[{"href":"http:\/\/hfgp.de\/index.php?rest_route=%2Fwp%2Fv2%2Fmedia&parent=2"}],"curies":[{"name":"wp","href":"https:\/\/api.w.org\/{rel}","templated":true}]}}