{"id":133,"date":"2023-05-05T09:02:22","date_gmt":"2023-05-05T09:02:22","guid":{"rendered":"https:\/\/hfgp.de\/?page_id=133"},"modified":"2023-05-05T09:24:13","modified_gmt":"2023-05-05T09:24:13","slug":"po","status":"publish","type":"page","link":"https:\/\/hfgp.de\/?page_id=133","title":{"rendered":"Olgah\u00f6hle"},"content":{"rendered":"\n<p>Die Olgah\u00f6hle wurde im Jahre 1874 bei Steinbrucharbeiten von Johann Ziegler entdeckt. Er erkannte rasch die Einzigartigkeit dieses geologischen Kleinods und baute diese schon im Folgejahr zur Schauh\u00f6hle aus. Bereits zehn Jahre sp\u00e4ter erhielt die H\u00f6hle eine elektrische Beleuchtung und war somit die erste elektrifizierte Schauh\u00f6hle Deutschlands.<\/p>\n\n\n\n<p>Die Olgah\u00f6hle wird gemeinsam von der Ortsgruppe Honau des Schw\u00e4bischen Albvereins und der H\u00f6hlenforschungsgruppe Pfullingen betreut. Beide laden Sie ganz herzlich zu einem Besuch der Olgah\u00f6hle ein. Bestaunen Sie die unterirdischen G\u00e4nge und die einmaligen Sinterformen wie den charakteristischen \u201eBlumenkohlsinter\u201c (Tuffkalotten). Erfahren Sie mehr \u00fcber die Entstehungs- und Entdeckungsgeschichte der H\u00f6hle bei einer F\u00fchrung durch die H\u00f6hle.<\/p>\n\n\n\n<p>F\u00fcr mehr Informationen k\u00f6nnen Sie hier den <a href=\"http:\/\/hfgp.de\/wp-content\/uploads\/2023\/05\/Olgahoehle_web.pdf\" data-type=\"URL\" data-id=\"http:\/\/hfgp.de\/wp-content\/uploads\/2023\/05\/Olgahoehle_web.pdf\" target=\"_blank\" rel=\"noreferrer noopener\">Infoflyer herunterladen<\/a> oder<\/p>\n\n\n\n<p>sich auf der <a rel=\"noreferrer noopener\" href=\"http:\/\/www.olgahoehle.de\" data-type=\"URL\" data-id=\"www.olgahoehle.de\" target=\"_blank\">Homepage der Olgah\u00f6hle<\/a> direkt informieren.<\/p>\n","protected":false},"excerpt":{"rendered":"<p>Die Olgah\u00f6hle wurde im Jahre 1874 bei Steinbrucharbeiten von Johann Ziegler entdeckt. Er erkannte rasch die Einzigartigkeit dieses geologischen Kleinods und baute diese schon im Folgejahr zur Schauh\u00f6hle aus. Bereits zehn Jahre sp\u00e4ter erhielt die H\u00f6hle eine elektrische Beleuchtung und war somit die erste elektrifizierte Schauh\u00f6hle Deutschlands. Die Olgah\u00f6hle wird gemeinsam von der Ortsgruppe Honau des Schw\u00e4bischen Albvereins und der<\/p>\n","protected":false},"author":1,"featured_media":143,"parent":0,"menu_order":0,"comment_status":"closed","ping_status":"closed","template":"","meta":[],"_links":{"self":[{"href":"https:\/\/hfgp.de\/index.php?rest_route=\/wp\/v2\/pages\/133"}],"collection":[{"href":"https:\/\/hfgp.de\/index.php?rest_route=\/wp\/v2\/pages"}],"about":[{"href":"https:\/\/hfgp.de\/index.php?rest_route=\/wp\/v2\/types\/page"}],"author":[{"embeddable":true,"href":"https:\/\/hfgp.de\/index.php?rest_route=\/wp\/v2\/users\/1"}],"replies":[{"embeddable":true,"href":"https:\/\/hfgp.de\/index.php?rest_route=%2Fwp%2Fv2%2Fcomments&post=133"}],"version-history":[{"count":5,"href":"https:\/\/hfgp.de\/index.php?rest_route=\/wp\/v2\/pages\/133\/revisions"}],"predecessor-version":[{"id":146,"href":"https:\/\/hfgp.de\/index.php?rest_route=\/wp\/v2\/pages\/133\/revisions\/146"}],"wp:featuredmedia":[{"embeddable":true,"href":"https:\/\/hfgp.de\/index.php?rest_route=\/wp\/v2\/media\/143"}],"wp:attachment":[{"href":"https:\/\/hfgp.de\/index.php?rest_route=%2Fwp%2Fv2%2Fmedia&parent=133"}],"curies":[{"name":"wp","href":"https:\/\/api.w.org\/{rel}","templated":true}]}}